{"id":15,"date":"2019-03-15T12:16:30","date_gmt":"2019-03-15T11:16:30","guid":{"rendered":"http:\/\/crechecelestinfreinet.fr\/?page_id=15"},"modified":"2022-05-30T22:42:03","modified_gmt":"2022-05-30T20:42:03","slug":"pedagogie","status":"publish","type":"page","link":"https:\/\/crechecelestinfreinet.fr\/?page_id=15","title":{"rendered":"P\u00e9dagogie C\u00e9lestin Freinet"},"content":{"rendered":"\n<figure class=\"wp-block-image size-large is-resized\"><img loading=\"lazy\" decoding=\"async\" src=\"https:\/\/crechecelestinfreinet.fr\/wp-content\/uploads\/2020\/05\/c-lestin-freient.jpg\" alt=\"\" class=\"wp-image-94\" width=\"403\" height=\"322\" srcset=\"https:\/\/crechecelestinfreinet.fr\/wp-content\/uploads\/2020\/05\/c-lestin-freient.jpg 720w, https:\/\/crechecelestinfreinet.fr\/wp-content\/uploads\/2020\/05\/c-lestin-freient-300x240.jpg 300w, https:\/\/crechecelestinfreinet.fr\/wp-content\/uploads\/2020\/05\/c-lestin-freient-618x494.jpg 618w, https:\/\/crechecelestinfreinet.fr\/wp-content\/uploads\/2020\/05\/c-lestin-freient-444x355.jpg 444w\" sizes=\"auto, (max-width: 403px) 100vw, 403px\" \/><\/figure>\n\n\n\n<h3 class=\"wp-block-heading\">C\u00e9lestin Freinet :<\/h3>\n\n\n\n<p> \u00ab <em>La fonction du milieu n&rsquo;est pas de former l&rsquo;enfant, mais de lui permettre de se r\u00e9v\u00e9ler<\/em>. \u00bb <em>\u00ab C\u2019est l\u2019enfant lui-m\u00eame qui doit s\u2019\u00e9duquer, s\u2019\u00e9lever avec le concours des adultes.<\/em>\u00bb Les activit\u00e9s sont organis\u00e9es au gr\u00e9 des \u00e9v\u00e9nements et r\u00e9pondent au souci du d\u00e9veloppement de l\u2019autonomie.<\/p>\n\n\n\n<p>C\u00e9lestin Freinet, P\u00e9dagogue fran\u00e7ais et figure de prou de l\u2019\u00c9ducation Nouvelle, C\u00e9lestin Freinet (1896-1966) est un instituteur qui a mis au point une p\u00e9dagogie fond\u00e9e sur l\u2019expression libre des enfants : texte libre, dessin libre, imprimerie et journal \u00e9tudiant, etc. En cr\u00e8che l&rsquo;exp\u00e9rience t\u00e2tonnante propos\u00e9 par C\u00e9lestin Freinet est la d\u00e9marche p\u00e9dagogique clef que nous  adaptons aux jeunes enfants. <\/p>\n\n\n\n<h3 class=\"wp-block-heading\">La philosophie de l&rsquo;\u00e9ducation Freinet<\/h3>\n\n\n\n<p>Selon C\u00e9lestin Freinet, l&rsquo;enfant apprend avant tout par t\u00e2tonnement exp\u00e9rimental<\/p>\n\n\n\n<h4 class=\"wp-block-heading\">L\u2019exp\u00e9rience t\u00e2tonnante<\/h4>\n\n\n\n<p>Il d\u00e9fend une m\u00e9thode \u00e9ducative naturelle, fond\u00e9e sur l\u2019exp\u00e9rience, le plaisir d\u2019agir et de pouvoir agir.<\/p>\n\n\n\n<ul class=\"wp-block-list\"><li>L\u2019enfant est anim\u00e9 d\u2019un dynamisme naturel qui le pousse \u00e0 apprendre et \u00e0 exp\u00e9rimenter.<\/li><li>La voie normale de l\u2019acquisition est \u00ab le t\u00e2tonnement \u00bb exp\u00e9rimental.<\/li><\/ul>\n\n\n\n<p><strong>Au multi accueil C\u00e9lestin Freinet<\/strong> on valorise l&rsquo;expression de l&rsquo;enfant en le laissant libre d&rsquo;agir et  d&rsquo;interagir selon sa personnalit\u00e9 et son \u00e9volution.  La posture de l&rsquo;\u00e9ducateur est construite par les outils de l&rsquo;observation et de l&rsquo;\u00e9coute de l&rsquo;enfant, du groupe d&rsquo;enfants et des interactions entre toutes les personnes exer\u00e7ant dans  l&rsquo;institution . C&rsquo;est \u00e0 partir de ces indicateurs que l&rsquo;\u00e9ducateur va  r\u00e9guler la dynamique de groupe et le contenir. L&rsquo;\u00e9ducateur exprime son autorit\u00e9 au regard de sa compr\u00e9hension des \u00e9v\u00e9nements et apporte des r\u00e9ponses rassurantes aux jeunes enfants afin qu&rsquo;il se sente prot\u00e9g\u00e9, \u00e9cout\u00e9 et libre dans ses actions. Le langage de l&rsquo;adulte est pr\u00e9cis, concis et adapt\u00e9 aux jeunes enfants. <\/p>\n\n\n\n<h4 class=\"wp-block-heading\">Libre expression et expression libre \u00e0 C\u00e9lestin Freinet<\/h4>\n\n\n\n<p>Libre expression est une pratique qui accueille les mani\u00e8res d&rsquo;expressions singuli\u00e8res de chaque enfant.   Sa timidit\u00e9, son dynamisme, son m\u00e9contentement, ses r\u00eaveries&#8230; toutes ces mani\u00e8res d&rsquo;\u00eatre sont appr\u00e9ci\u00e9es et respect\u00e9es pour prot\u00e9ger l&rsquo;int\u00e9grit\u00e9 de l&rsquo;enfant.  Plus naturellement, nous disons \u00e0 l&rsquo;enfant : Tu es libre de t&rsquo;exprimer comme tu le veux, comme tu le peux !<\/p>\n\n\n\n<p>L&rsquo;expression libre est une pratique exploratoire. Les propositions de jeux et d&rsquo;activit\u00e9s sont pr\u00e9sents pour que l&rsquo;enfant explore son univers mental, ses sensations, ses \u00e9motions, son intellect, sa sociabilit\u00e9. <\/p>\n\n\n\n<p>Pour toujours plus d&rsquo;autonomie, les enfants sont encourag\u00e9s \u00e0 choisir leurs ateliers d&rsquo;\u00e9veil. Il est crucial que l&rsquo;enfant puisse d\u00e9cider lui-m\u00eame du jeu de son crayon, de son pinceau, et des sujets qui le pr\u00e9occupe.<\/p>\n\n\n\n<blockquote class=\"wp-block-quote is-style-default is-layout-flow wp-block-quote-is-layout-flow\"><p><em><strong>\u00abL&rsquo;art enfantin\u00bb<\/strong> constitue \u00abavant tout, qu&rsquo;il s&rsquo;agisse d&rsquo;expression gestuelle, parl\u00e9e, chant\u00e9e ou plastique, la forme la plus naturelle<strong> d&rsquo;expression po\u00e9tique spontan\u00e9e<\/strong> du monde et de l&rsquo;homme.\u00bb <\/em><\/p><cite><em>Madeleine Porquet<\/em><\/cite><\/blockquote>\n\n\n\n<p><\/p>\n","protected":false},"excerpt":{"rendered":"<p>C\u00e9lestin Freinet : \u00ab La fonction du milieu n&rsquo;est pas de former l&rsquo;enfant, mais de lui permettre de se r\u00e9v\u00e9ler. \u00bb \u00ab C\u2019est l\u2019enfant lui-m\u00eame qui doit s\u2019\u00e9duquer, s\u2019\u00e9lever avec le concours des adultes.\u00bb Les activit\u00e9s sont organis\u00e9es au gr\u00e9 des \u00e9v\u00e9nements et r\u00e9pondent au souci du d\u00e9veloppement de l\u2019autonomie. C\u00e9lestin Freinet, P\u00e9dagogue fran\u00e7ais et [&hellip;]<\/p>\n","protected":false},"author":1,"featured_media":0,"parent":0,"menu_order":0,"comment_status":"closed","ping_status":"closed","template":"","meta":{"footnotes":""},"class_list":["post-15","page","type-page","status-publish","hentry"],"_links":{"self":[{"href":"https:\/\/crechecelestinfreinet.fr\/index.php?rest_route=\/wp\/v2\/pages\/15","targetHints":{"allow":["GET"]}}],"collection":[{"href":"https:\/\/crechecelestinfreinet.fr\/index.php?rest_route=\/wp\/v2\/pages"}],"about":[{"href":"https:\/\/crechecelestinfreinet.fr\/index.php?rest_route=\/wp\/v2\/types\/page"}],"author":[{"embeddable":true,"href":"https:\/\/crechecelestinfreinet.fr\/index.php?rest_route=\/wp\/v2\/users\/1"}],"replies":[{"embeddable":true,"href":"https:\/\/crechecelestinfreinet.fr\/index.php?rest_route=%2Fwp%2Fv2%2Fcomments&post=15"}],"version-history":[{"count":25,"href":"https:\/\/crechecelestinfreinet.fr\/index.php?rest_route=\/wp\/v2\/pages\/15\/revisions"}],"predecessor-version":[{"id":237,"href":"https:\/\/crechecelestinfreinet.fr\/index.php?rest_route=\/wp\/v2\/pages\/15\/revisions\/237"}],"wp:attachment":[{"href":"https:\/\/crechecelestinfreinet.fr\/index.php?rest_route=%2Fwp%2Fv2%2Fmedia&parent=15"}],"curies":[{"name":"wp","href":"https:\/\/api.w.org\/{rel}","templated":true}]}}